{"id":205,"date":"2019-03-11T18:39:53","date_gmt":"2019-03-11T17:39:53","guid":{"rendered":"https:\/\/bulldogman.de\/home\/?page_id=205"},"modified":"2024-08-21T13:17:18","modified_gmt":"2024-08-21T11:17:18","slug":"unsere-welpen","status":"publish","type":"page","link":"https:\/\/bulldogman.de\/home\/unsere-welpen\/","title":{"rendered":"Unsere Welpen"},"content":{"rendered":"\n<p class=\"has-text-align-center\"><\/p>\n\n\n\n<figure class=\"wp-block-embed is-type-video is-provider-youtube wp-block-embed-youtube wp-embed-aspect-4-3 wp-has-aspect-ratio\"><div class=\"wp-block-embed__wrapper\">\n<iframe loading=\"lazy\" title=\"Bulldogman\u00b4s X Wurf - Badesaison 2014\" width=\"840\" height=\"630\" src=\"https:\/\/www.youtube.com\/embed\/UD9DL4xpTa8?feature=oembed\" frameborder=\"0\" allow=\"accelerometer; autoplay; clipboard-write; encrypted-media; gyroscope; picture-in-picture; web-share\" referrerpolicy=\"strict-origin-when-cross-origin\" allowfullscreen><\/iframe>\n<\/div><\/figure>\n\n\n<h3>Aufzucht der Welpen bei uns:<\/h3>\n<p>Die H\u00fcndinnen haben w\u00e4hrend der Geburt und der gesamten Aufzucht der Welpen ein eigenes helles Zimmer in unserem Haus. Nach der Geburt f\u00fchren wir die neugeborenen Welpen an unterschiedliche Untergr\u00fcnde heran, die erfahrungsgem\u00e4\u00df das \u201eSauberwerden\u201c f\u00f6rdern. Wir verwenden dabei Baumwollstoffe\/Planen zum laufen\/krabbeln damit die Welpen beim ersten Stehen einen festen Halt haben und Handt\u00fccher f\u00fcr die Gesch\u00e4fte .<\/p>\n<p>Ab dem 5. Tag wird Ihr Zimmer zeitweise mit einer Ger\u00e4usche-CD beschallt, sie lernen dadurch die unterschiedlichsten Alltagsger\u00e4usche kennen.<\/p>\n<p>Beim Welpenspiel wird darauf geachtet, dass sie m\u00f6glichst viele positive und unterschiedliche Erfahrungen machen. Von Anfang an erziehen wir die Welpen, dass H\u00e4nde und F\u00fc\u00dfe kein Spielzeug ist.<\/p>\n<p>Wir \u00fcben das beim Durchbruch der Welpen Z\u00e4hne und gehen mit nackten F\u00fcssen und H\u00e4nden ins Welpen Lager.<\/p>\n<p>Wir f\u00fcttern die Kleinen altersgem\u00e4\u00df und sehr abwechslungsreich. Wenn sie feste Nahrung aufnehmen k\u00f6nnen, z\u00e4hlen Fisch, Rind, Obst und rohe H\u00fchner regelm\u00e4\u00dfig zu den Favoriten der kleinen Bullys.<\/p>\n<p>Da Schlaf einer der wichtigsten Dinge im Leben eines Welpen ist, ist darauf ihr Tagesablauf ausgerichtet.<\/p>\n<p>Ab der 5ten bis 6ten Woche werden erste Erkundungsg\u00e4nge im Garten unternommen. Dort befindet sich auch ein gesicherter Welpen Auslauf, wo sich R\u00f6hren, eine Rutsche und diverse Spielsachen befinden. Bei der Sozialisierung im Garten werden ihnen fliegende T\u00fcten, aufgespannte Regenschirme, Welpen geeignete Wasserstellen und vieles mehr angeboten.<\/p>\n<p><span style=\"display: inline !important; float: none; background-color: transparent; color: #333333; font-family: 'Libre Franklin','Helvetica Neue',helvetica,arial,sans-serif; font-size: 16px; font-style: normal; font-variant: normal; font-weight: 400; letter-spacing: normal; orphans: 2; text-align: left; text-decoration: none; text-indent: 0px; text-transform: none; -webkit-text-stroke-width: 0px; white-space: normal; word-spacing: 0px;\">Unsere erwachsenen Bulldogs (R\u00fcden sowie H\u00fcndinnen) erziehen im Rudel und helfen erheblich bei der Sozialisierung mit. Dieses vielf\u00e4ltige Programm unseres \u201esurvivor camp\u00b4s\u201c bereitet die kleinen Pack Leader\u00b4s Continental Bulldogs bestens auf ihr neues Leben vor.<\/span><\/p>\n<p>Die Welpen werden ab der 10.ten Woche an die neuen Besitzer \u00fcbergeben. Sie sind dann gechipt, geimpft und mehrfach entwurmt. <strong>Sie erhalten anerkannte Ahnentafeln und einen EU Impfpass.<\/strong> Des Weiteren erhalten die neuen Welpen Besitzer eine Welpen CD, Halsband und Leine, erstes Futter und ein Spielzeug.<\/p>\n<p>Vielen Dank<\/p>\n\n\n<hr class=\"wp-block-separator has-css-opacity\"\/>\n\n\n\n<figure class=\"wp-block-image\"><img loading=\"lazy\" decoding=\"async\" width=\"500\" height=\"407\" src=\"https:\/\/bulldogman.de\/home\/wp-content\/uploads\/2019\/03\/bulldogwelpen-startbild.jpg\" alt=\"\" class=\"wp-image-219\" srcset=\"https:\/\/bulldogman.de\/home\/wp-content\/uploads\/2019\/03\/bulldogwelpen-startbild.jpg 500w, https:\/\/bulldogman.de\/home\/wp-content\/uploads\/2019\/03\/bulldogwelpen-startbild-300x244.jpg 300w\" sizes=\"auto, (max-width: 500px) 100vw, 500px\" \/><\/figure>\n\n\n<p>Lieber Welpeninteressent,<br \/>leider lehrt mich die Erfahrung das Worte die bei einem Beratungs- oder Kaufgespr\u00e4ch gef\u00fchrt werden nicht immer verstanden oder ernst genommen werden. Dieses ist der Grund, dass ich Ihnen diesen Hinweis vor \u00dcbergabe des Welpen auf den Weg gebe!<br \/>Bulldoggen sind nicht mit herk\u00f6mmlichen leichteren Rassen in der Aufzucht zu vergleichen. Bitte nehmen Sie die kommenden Hinweise von mir Ernst, Sie legen damit einen soliden Baustein f\u00fcr die Gesundheit Ihres Bulldogs!<br \/>Ist mein Hund zu dick?<br \/>Sicher hat jeder sein Empfinden ob sein Hund dick oder d\u00fcnn ist. Leider gibt es Extreme die einen Hund sch\u00e4digen k\u00f6nnen. Damit diese Grenze nicht \u00fcbertreten wird hier mal meine Beschreibung zum Bulldog:<br \/>Von oben gesehen sollte ein Hund nicht aussehen wie eine Fu\u00dfbank. Eine Taille muss erkennbar sein. Die Rippen sollten nicht zu sehen aber beim abtasten zu sp\u00fcren sein. In der Seitenansicht ist es nicht gut, wenn man die einzelnen R\u00fcckenwirbel erkennen kann. Die Schultern sollten merklich breiter sein als der Kopf.<br \/>Wenn man sich nicht sicher ist, rate ich jeden einen Arzt zu fragen wie er den Ern\u00e4hrungszustand einsch\u00e4tzt!<br \/>Fehler Nr. 1<br \/>Das Problem: \u00dcbergewicht und zu schnelles Welpenwachstum<br \/>Der Fehler: Welpen- oder Erwachsenenfutter mit hohem Proteingehalt, Barfen ohne den Proteingehalt der Nahrung zu kennen, \u00dcberma\u00df an Futter<br \/>Die Folgen: Falsche Verteilung der schon enormen Bulldogmasse auf den d\u00fcnnen Beinen. Durch wildes Welpenspiel setzen Hebelkr\u00e4fte ein, die die Gelenke, Sehnen und Knochen massiv sch\u00e4digen k\u00f6nnen. Man bedenke, dass in der Welpenzeit die Gelenke, Sehnen und Knochen sich erst ausbilden und eine Symbiose miteinander eingehen.<br \/>Die Auswirkung: B\u00e4nderrisse, H\u00fcft- und Ellenbogenprobleme, Wachstumsfugen die sich nicht richtig schlie\u00dfen \u2013&gt; Lahmen kann eine Folge sein.<br \/>Hinweis: Welpen sind s\u00fc\u00df und man ist verleitet Ihnen in jeder erdenklichen Minute Leckerlis oder fressbare Kauartikel zu geben. Im richtigen Ma\u00df ist dies auch vertretbar aber als liebender Besitzer schwinden leider viel zu oft die Relationen! Ein Continental Bulldogwelpe sollte bis zu einem Jahr nicht mehr als seine Eltern wiegen. Unsere erwachsenen R\u00fcden und H\u00fcndinnen wiegen im Durchschnitt 26 Kilo.&nbsp;<br \/>Es ist nicht verwunderlich das ein 10 Monate alter Junghund mit 36 Kilo. Probleme beim Laufen hat und das damit nachhaltig seine Gesundheit gesch\u00e4digt wird!<br \/>Querverbindungen zu Problemen bei \u00fcbergewichtigen Menschenkindern sind nicht zu \u00fcbersehen!<br \/>Fehler Nr. 2<br \/>Das Problem: Schwache Muskeln, wenig gefestigte Konstitution zwischen Muskeln, Sehnen und Knochen<br \/>Der Fehler: Toben als Ersatz f\u00fcr Spazierg\u00e4nge<br \/>Die Folgen: Muskeln st\u00fctzen das Geb\u00e4ude und halten es zusammen. Bei den Welpen bilden sich diese Muskeln erst richtig aus. Beim Spielen und toben werden durch Spr\u00fcnge, Sprinten und abrupten Abbremsen Kr\u00e4fte freigesetzt, die die noch schwachen Muskeln nicht abfangen k\u00f6nnen. Diese Kr\u00e4fte werden dann durch die Sehnen und Knochen abgefangen.<br \/>Die Auswirkung: B\u00e4nderanrisse oder Risse, St\u00f6rungen des Knochenwachstums, Sch\u00e4digung der Gelenke<br \/>Hinweis: Es ist sch\u00f6n zu sehen wenn Welpen spielen, doch sollte alles in Ma\u00dfen geschehen. Beobachten Sie Ihren Welpen, wenn er \u00fcberm\u00fcdet sollten Ruhepausen eingelegt werden. Sie sind wie kleine Kinder die im Spiel die Zeit vergessen und Ihre eigenen Kr\u00e4fte dann \u00fcbersch\u00e4tzen. Nach langem Spiel erm\u00fcden die Muskeln und die Knochen m\u00fcssen noch mehr herhalten.<br \/>Kontrollierte Spazierg\u00e4nge in einer dem Welpen angemessener Zeit sind nur zu Empfehlen! Diese trainieren die Muskulatur ohne alle Nachteile die oben beim toben genannt werden.<br \/>Einem ausgewachsenen Bulldog sch\u00fctzt seine enorme Bemuskelung, eine der st\u00e4rksten unter den Hunderassen.<br \/>Menschen mit schwachen Muskeln leider h\u00e4ufiger an Gelenks-, Bandscheiben- und Knochenproblemen, auch hier ist es nicht ein rein H\u00fcndisches Problem.<br \/>Hinweis in eigener Sache:<br \/><strong>Rufen Sie uns an!!!<\/strong> Bedenken Sie das die Hunde Privatpatienten sind, nutzen Sie unsere Erfahrung. Wir, die Z\u00fcchter von dieser Rasse sind diejenigen die diese Bulldogs von Geburt, dem Erwachsenwerden sowie bis zum Tode kennen \u2013 daher sollten wir der erste Ansprechpartner f\u00fcr Sie sein!<br \/>Vielen Dank im Namens Ihres Hundes<\/p>","protected":false},"excerpt":{"rendered":"<p>Aufzucht der Welpen bei uns: Die H\u00fcndinnen haben w\u00e4hrend der Geburt und der gesamten Aufzucht der Welpen ein eigenes helles Zimmer in unserem Haus. Nach &hellip; <\/p>\n","protected":false},"author":1,"featured_media":0,"parent":0,"menu_order":0,"comment_status":"closed","ping_status":"closed","template":"","meta":{"footnotes":""},"class_list":["post-205","page","type-page","status-publish","hentry"],"_links":{"self":[{"href":"https:\/\/bulldogman.de\/home\/wp-json\/wp\/v2\/pages\/205","targetHints":{"allow":["GET"]}}],"collection":[{"href":"https:\/\/bulldogman.de\/home\/wp-json\/wp\/v2\/pages"}],"about":[{"href":"https:\/\/bulldogman.de\/home\/wp-json\/wp\/v2\/types\/page"}],"author":[{"embeddable":true,"href":"https:\/\/bulldogman.de\/home\/wp-json\/wp\/v2\/users\/1"}],"replies":[{"embeddable":true,"href":"https:\/\/bulldogman.de\/home\/wp-json\/wp\/v2\/comments?post=205"}],"version-history":[{"count":25,"href":"https:\/\/bulldogman.de\/home\/wp-json\/wp\/v2\/pages\/205\/revisions"}],"predecessor-version":[{"id":1956,"href":"https:\/\/bulldogman.de\/home\/wp-json\/wp\/v2\/pages\/205\/revisions\/1956"}],"wp:attachment":[{"href":"https:\/\/bulldogman.de\/home\/wp-json\/wp\/v2\/media?parent=205"}],"curies":[{"name":"wp","href":"https:\/\/api.w.org\/{rel}","templated":true}]}}