{"id":123,"date":"2019-03-11T16:49:13","date_gmt":"2019-03-11T15:49:13","guid":{"rendered":"https:\/\/bulldogman.de\/home\/?page_id=123"},"modified":"2022-12-15T15:19:36","modified_gmt":"2022-12-15T14:19:36","slug":"standard","status":"publish","type":"page","link":"https:\/\/bulldogman.de\/home\/ueber-mich\/standard\/","title":{"rendered":"Standard"},"content":{"rendered":"\n<h1 class=\"wp-block-heading\">CONTINENTAL BULLDOG<\/h1>\n\n\n\n<p> (Rasse provisorisch International anerkannt) von der FCI) : FCI-Gruppe 2 <br> Standard-Nr. 993 (wird demn\u00e4chst aktualisiert)<\/p>\n\n\n\n<div class=\"wp-block-image\"><figure class=\"alignleft\"><img loading=\"lazy\" decoding=\"async\" width=\"300\" height=\"300\" src=\"https:\/\/bulldogman.de\/home\/wp-content\/uploads\/2019\/03\/alice-768x768-300x300.jpg\" alt=\"\" class=\"wp-image-124\" srcset=\"https:\/\/bulldogman.de\/home\/wp-content\/uploads\/2019\/03\/alice-768x768-300x300.jpg 300w, https:\/\/bulldogman.de\/home\/wp-content\/uploads\/2019\/03\/alice-768x768-150x150.jpg 150w, https:\/\/bulldogman.de\/home\/wp-content\/uploads\/2019\/03\/alice-768x768.jpg 768w, https:\/\/bulldogman.de\/home\/wp-content\/uploads\/2019\/03\/alice-768x768-200x200.jpg 200w, https:\/\/bulldogman.de\/home\/wp-content\/uploads\/2019\/03\/alice-768x768-500x500.jpg 500w\" sizes=\"auto, (max-width: 300px) 100vw, 300px\" \/><\/figure><\/div>\n\n\n\n<h3 class=\"wp-block-heading\">KURZER GESCHICHTLICHER ABRISS<\/h3>\n\n\n\n<p>Die Europa-Konvention \u00fcber Zucht und Haltung von Heimtieren sowie das Schweizerische Tierschutzgesetz (Art. 10) waren ausschlaggebend, einen Zuchtversuch zu starten. Ziel dieses Versuches war es, einen mittelgro\u00dfen Bulldog zu schaffen, der alle vom Tierschutz geforderten Voraussetzungen an einen gesunden Hund erf\u00fcllt und trotzdem das so gesch\u00e4tzte und beliebte Wesen des English Bulldogs beibeh\u00e4lt. <br>\nDie Kreuzungen zwischen English Bulldog und Old English Bulldog, unter dem Patronat der Schweizerischen Kynologischen Gesellschaft, waren sehr viel versprechend, zeigten aber bald, dass das Unterfangen auf die Schaffung einer neuen Rasse hinaus lief, einer Rasse, die dem urspr\u00fcnglichen Typ des Bulldogs nahe kommt. Zwecks klarer Abgrenzung zum English Bulldog wurde f\u00fcr die neue Rasse der Name \u201eContinental Bulldog\u201c gew\u00e4hlt. Die Entscheide und Ma\u00dfnahmen zur Bildung der neuen Rasse wurden in Absprache mit der FCI (Vertreter der Standard- und der Wissenschaftlichen Kommissionen) getroffen.<br>\nDie Tatsache, dass es noch keinen belastbaren, mittelgro\u00dfen Familienhund vom Molosser-Typ gibt, dies aber sehr erw\u00fcnscht w\u00e4re, bezeugen die vielen, begeisterten Liebhaber der noch jungen Rasse. Der Continental Bulldog ist bereit, diese L\u00fccke zu f\u00fcllen.<\/p>\n\n\n\n<h3 class=\"wp-block-heading\">URSPRUNGSLAND: Schweiz<\/h3>\n\n\n\n<h4 class=\"wp-block-heading\">VERWENDUNG: Begleithund, Familienhund<\/h4>\n\n\n\n<p>KLASSIFIKATION FCI: <strong>Gruppe 2<\/strong> Pinscher und Schnauzer \u2013 Molosser \u2013 Schweizer Sennenhunde<br>\nSektion 2 Molossoide, Doggenartige Hunde ohne Arbeitspr\u00fcfung<\/p>\n\n\n\n<h4 class=\"wp-block-heading\">ALLGEMEINES ERSCHEINUNGSBILD:<\/h4>\n\n\n\n<p>Ein kurzhaariger, athletisch gebauter, mittelgro\u00dfer, fast quadratischer, bulldogartiger Hund.<br>\nTrotz seines kr\u00e4ftigen K\u00f6rperbaus ist der Continental Bulldog beweglich und ausdauernd, auch bei raschem Trab oder Galopp soll er ger\u00e4uschlos atmen. Sein Gewicht bewegt sich ungef\u00e4hr zwischen 20 \u2013 30 kg je nach Gr\u00f6\u00dfe.<br>\nR\u00fcden und H\u00fcndinnen sollen deutliches Geschlechtsgepr\u00e4ge haben.<\/p>\n\n\n\n<h4 class=\"wp-block-heading\">WICHTIGE PROPORTIONEN:<\/h4>\n\n\n\n<p>Widerristh\u00f6he : Brusttiefe 2 : 1<br>\nWiderristh\u00f6he : K\u00f6rperl\u00e4nge 1 : 1, 2<br>\nWiderristh\u00f6he : L\u00e4nge von Widerrist bis Rutenansatz 1 : 1<br>\nDiese Ma\u00dfe und Proportionen sind als Richtlinien zu verstehen, ma\u00dfgebend ist immer der Gesamteindruck eines Hundes, der Bulldog-Typ muss gewahrt werden.<\/p>\n\n\n\n<h4 class=\"wp-block-heading\">VERHALTEN UND CHARAKTER (WESEN):<\/h4>\n\n\n\n<p>Aufmerksam, selbstsicher, freundlich, weder aggressiv noch scheu.<\/p>\n\n\n\n<h4 class=\"wp-block-heading\">KOPF:<\/h4>\n\n\n\n<p>Der Kopfumfang vor den Ohren gemessen sollte die Widerristh\u00f6he nicht um mehr als 15 % \u00fcbertreffen. Von vorne gesehen erscheint der Kopf ann\u00e4hernd quadratisch mit einer leichten Ausbuchtung der Jochbogen.<\/p>\n\n\n\n<h4 class=\"wp-block-heading\">OBERKOPF:<\/h4>\n\n\n\n<p>Die Stirnpartie ist flach bis leicht gew\u00f6lbt. Stirnfalten wenig ausgepr\u00e4gt. Vom Stopp ausgehend verl\u00e4uft eine breite, eher flache Stirnfurche bis zur Sch\u00e4delmitte.<br>\nStopp: Deutlich ausgepr\u00e4gt, aber ohne tiefe Einbuchtung<\/p>\n\n\n\n<h4 class=\"wp-block-heading\">GESICHTSSCH\u00c4DEL:<\/h4>\n\n\n\n<p>Nase: Nasenschwamm breit, Nasenl\u00f6cher gro\u00df und gut ge\u00f6ffnet. Nase stets vollst\u00e4ndig schwarz.<br>\nFang: Breit, von vorne gesehen ann\u00e4hernd quadratisch. Der Nasenr\u00fccken ist gerade, weder aufgebogen noch abfallend. Verh\u00e4ltnis zur gesamten Kopfl\u00e4nge 1:3 (Toleranz 1:4). Nicht zu dicke Hautfalten beidseits des Nasenr\u00fcckens. Unterkiefer inkl. Kinn breit und kantig. Bei geschlossenem Fang weder Zunge noch Z\u00e4hne sichtbar. Deutliches Kinn, vorne nicht verdeckt durch die Oberlefzen.<\/p>\n\n\n\n<p>Lefzen: Lefzen sollen dick sein, Pigmentierung am Rand gut geschlossen und m\u00f6glichst vollst\u00e4ndig. Die Lefzen des Oberkiefers sollen den Unterkiefer seitlich vollst\u00e4ndig \u00fcberlappen. Lefzen des Unterkiefers m\u00f6glichst anliegend.<\/p>\n\n\n\n<p>Kiefer\/Z\u00e4hne: Vorbiss ideal 1 \u2013 5 mm, Toleranz bis 10 mm, Zahnleisten im Ober- und im Unterkiefer gerade und parallel. Z\u00e4hne kr\u00e4ftig. 6 regelm\u00e4\u00dfig gestellte, gut entwickelte Schneidez\u00e4hne zwischen den breit auseinander platzierten Eckz\u00e4hnen. Fehlen der P1 erlaubt, M3 werden nicht beachtet. Ein vollzahniges Gebiss ist ideal.<\/p>\n\n\n\n<p>Backen: Bei leichter W\u00f6lbung, straff und gut gerundet<\/p>\n\n\n\n<p>Augen: Rund, nach vorne gerichtet, weit auseinander liegend. Weder eingesunken noch hervorstehend. Gut anliegende, m\u00f6glichst voll pigmentierte Augenlider. Beim geradeaus schauenden Hund soll kein Wei\u00df (Sclera) sichtbar sein. Iris dunkelbraun.<\/p>\n\n\n\n<p>Ohren: Hoch angesetzt, klein und d\u00fcnn; der Ohrenansatz bildet mit der oberen Sch\u00e4dellinie eine Gerade. Entweder Rosen- oder Klappohr.<br>\nRosenohr: d.h. auf der R\u00fcckseite nach innen gefaltet und zur\u00fcckgelegt, der vordere Ohrenrand f\u00e4llt nach au\u00dfen und hinten, das Innere der Ohrmuschel ist teilweise sichtbar.<br>\nKlappohr: bei Aufmerksamkeit nach vorne gekippt, so dass die Ohrenspitze ungef\u00e4hr auf der H\u00f6he des \u00e4u\u00dferen Augenwinkels liegt. In der Ruhe seitlich am Kopf anliegend. Alle anderen Ohrenformen sind als Fehler zu betrachten.<\/p>\n\n\n\n<h4 class=\"wp-block-heading\">HALS:<\/h4>\n\n\n\n<p>Kurz und kr\u00e4ftig, aber nicht so kurz, dass der Kopf anscheinend direkt auf den Schultern sitzt. Gut gew\u00f6lbte Nackenlinie. Wenige Hautfalten im Bereich der Kehle sind erlaubt.<\/p>\n\n\n\n<h4 class=\"wp-block-heading\">K\u00d6RPER:<\/h4>\n\n\n\n<p>Der Widerrist liegt nur unbedeutend h\u00f6her als die Lendenpartie. Verh\u00e4ltnis gesamte Rumpfl\u00e4nge zur Widerristh\u00f6he 1, 2 : 1<br>\nObere Linie: R\u00fccken kurz und kr\u00e4ftig, m\u00f6glichst gerade. Die R\u00fcckenl\u00e4nge, vom Halsansatz bis zur Rutenwurzel, entspricht der Widerristh\u00f6he.<br>\nLendenpartie: Von oben gesehen nur unwesentlich schmaler als die Brustpartie. Kruppe leicht abfallend.<br>\nBrust: Brusttiefe bis zu den Ellbogen reichend, entspricht bei idealen Verh\u00e4ltnissen 1\/2 der Widerristh\u00f6he. Brustkorb ger\u00e4umig, Rippen gew\u00f6lbt, Brustkorb nach hinten leicht ansteigend.<br>\nUntere Linie: Bauch m\u00e4\u00dfig aufgezogen.<\/p>\n\n\n\n<h4 class=\"wp-block-heading\">RUTE:<\/h4>\n\n\n\n<p>M\u00f6glichst tief angesetzt, kr\u00e4ftig, am Ansatz dick und sich allm\u00e4hlich verj\u00fcngend. Rundum dicht behaart, aber ohne Fransen. Idealerweise knapp bis zu den Sprunggelenken reichend. Gerade oder leicht gebogen. In der Ruhe h\u00e4ngend, in der Bewegung angehoben, aber nicht \u00fcber den R\u00fccken gerollt getragen.<\/p>\n\n\n\n<h4 class=\"wp-block-heading\">GLIEDMASSEN:<\/h4>\n\n\n\n<p>VORHAND<br>\nL\u00e4ufe auch von vorne gesehen gerade, st\u00e4mmig und stark.<br>\nSchultern: Breit, schr\u00e4g und gut bemuskelt. Das Schulterblatt soll fest am Brustkorb anliegen.<br>\nOberarm: Gut am K\u00f6rper anliegend und gute Winkelung zum Schulterblatt.<br>\nEllenbogen: Fest am K\u00f6rper anliegend.<br>\nMittelfu\u00df: Kurz und kr\u00e4ftig, von der Seite gesehen nur wenig schr\u00e4g.<br>\nPfoten: gew\u00f6lbt, gut geschlossen weder nach innen noch nach au\u00dfen gedreht.<\/p>\n\n\n\n<p>HINTERHAND<br>\nHinterl\u00e4ufe: starkknochig und gut bemuskelt.<br>\nKnie: Gut gewinkelt, nicht nach au\u00dfen gedreht, von hinten gesehen parallel.<br>\nSprunggelenk: Gut gewinkelt, weder nach innen noch nach au\u00dfen gedreht.<br>\nPfoten: Kr\u00e4ftig, gut gew\u00f6lbt, gerade gestellt.<br>\nKrallen: Kurz und dunkel erw\u00fcnscht.<\/p>\n\n\n\n<h4 class=\"wp-block-heading\">GANGWERK:<\/h4>\n\n\n\n<p>Regelm\u00e4\u00dfige, fl\u00fcssige Bewegungen, guter Vortritt, raumgreifender Schub.<\/p>\n\n\n\n<h4 class=\"wp-block-heading\">HAUT:<\/h4>\n\n\n\n<p>Elastisch ohne Faltenbildung am K\u00f6rper und L\u00e4ufen.<\/p>\n\n\n\n<h4 class=\"wp-block-heading\">HAARKLEID:<\/h4>\n\n\n\n<p>Beschaffenheit: Deckhaar kurz, dicht, glatt, gl\u00e4nzend, nicht borstig. Unterwolle kurz, dicht und fein. Fehlende Unterwolle gestattet.<br>\nFarbe: Alle Farben, die von schwarzer Nase begleitet sind. Einfarbig, Gestromt oder mit Wei\u00df kombiniert, mit oder ohne schwarzer Maske. Ein bestimmtes Fleckenmuster wird nicht angestrebt. Die Farbe Blau ist nicht erw\u00fcnscht.<\/p>\n\n\n\n<h4 class=\"wp-block-heading\">GR\u00d6SSE:<\/h4>\n\n\n\n<p>Widerristh\u00f6he: R\u00fcden: 42-46 cm<br>\nH\u00fcndinnen: 40-44 cm<br>\nToleranz bei beiden Geschlechtern nach oben 4 cm, nach unten 2 cm.<\/p>\n\n\n\n<h4 class=\"wp-block-heading\">FEHLER:<\/h4>\n\n\n\n<p>Jede Abweichung von den vorgenannten Punkten muss als Fehler angesehen werden, dessen Bewertung im genauen Verh\u00e4ltnis zum Grad der Abweichung stehen sollte und dessen Einfluss auf die Gesundheit und das Wohlbefinden des Hundes zu beachten ist.<\/p>\n\n\n\n<h4 class=\"wp-block-heading\">Leichte Fehler:<\/h4>\n\n\n\n<p>Zu wenig Bodenabstand<br>\nKopfumfang \u00fcbersteigt die Widerristh\u00f6he um 15 \u2013 20 %<br>\nSchwach entwickelte Z\u00e4hne<br>\nVorbiss 11 \u2013 15 mm<br>\nUngleich getragene Ohren<br>\nKurze und \/ oder leicht deformierte Rute<br>\nWenig dichte Behaarung<br>\n\u00dcber- oder Untergr\u00f6\u00dfe (in der Toleranz) beim sonst korrekten Hund<br>\nPassgang oder \u00fcber den Boden schleifende Pfoten<\/p>\n\n\n\n<h4 class=\"wp-block-heading\">Schwere Fehler:<\/h4>\n\n\n\n<p>Blaue oder Birkaugen<br>\nDeutlich deformierte Rute<br>\nKopfumfang in cm \u00fcbertrifft die Widerristh\u00f6he um mehr als 20 %<br>\n\u00fcber die Stirnh\u00f6cker lappende Hautfalten<br>\nzu gro\u00dfe Nasenfalte<br>\nStehohren<\/p>\n\n\n\n<h4 class=\"wp-block-heading\">Ausschlie\u00dfende Fehler<\/h4>\n\n\n\n<p>Atemger\u00e4usche beim ruhigen Stehen<br>\nEntropium\/Ektropium<br>\nSichtbare Schneide- oder Fangz\u00e4hne oder Zunge bei geschlossenem Fang<br>\nVorbiss \u00fcber 15 mm<br>\ndeutlich schiefer Kiefer<br>\nKeine Rute<br>\nGr\u00f6\u00dfe au\u00dferhalb der Toleranz<br>\nAggressivit\u00e4t<br>\nScheuheit<br>\nHunde, die deutliche physische Abnormit\u00e4ten oder Verhaltensst\u00f6rungen aufweisen, m\u00fcssen disqualifiziert werden.<\/p>\n\n\n\n<p>N.B.<br>\nR\u00fcden m\u00fcssen zwei offensichtlich normal entwickelte Hoden aufweisen, die sich vollst\u00e4ndig im Hodensack befinden.<\/p>\n","protected":false},"excerpt":{"rendered":"<p>CONTINENTAL BULLDOG (Rasse provisorisch International anerkannt) von der FCI) : FCI-Gruppe 2 Standard-Nr. 993 (wird demn\u00e4chst aktualisiert) KURZER GESCHICHTLICHER ABRISS Die Europa-Konvention \u00fcber Zucht und &hellip; <\/p>\n","protected":false},"author":1,"featured_media":0,"parent":10,"menu_order":0,"comment_status":"closed","ping_status":"closed","template":"","meta":{"footnotes":""},"class_list":["post-123","page","type-page","status-publish","hentry"],"_links":{"self":[{"href":"https:\/\/bulldogman.de\/home\/wp-json\/wp\/v2\/pages\/123","targetHints":{"allow":["GET"]}}],"collection":[{"href":"https:\/\/bulldogman.de\/home\/wp-json\/wp\/v2\/pages"}],"about":[{"href":"https:\/\/bulldogman.de\/home\/wp-json\/wp\/v2\/types\/page"}],"author":[{"embeddable":true,"href":"https:\/\/bulldogman.de\/home\/wp-json\/wp\/v2\/users\/1"}],"replies":[{"embeddable":true,"href":"https:\/\/bulldogman.de\/home\/wp-json\/wp\/v2\/comments?post=123"}],"version-history":[{"count":8,"href":"https:\/\/bulldogman.de\/home\/wp-json\/wp\/v2\/pages\/123\/revisions"}],"predecessor-version":[{"id":1449,"href":"https:\/\/bulldogman.de\/home\/wp-json\/wp\/v2\/pages\/123\/revisions\/1449"}],"up":[{"embeddable":true,"href":"https:\/\/bulldogman.de\/home\/wp-json\/wp\/v2\/pages\/10"}],"wp:attachment":[{"href":"https:\/\/bulldogman.de\/home\/wp-json\/wp\/v2\/media?parent=123"}],"curies":[{"name":"wp","href":"https:\/\/api.w.org\/{rel}","templated":true}]}}