{"id":11,"date":"2019-03-10T14:37:16","date_gmt":"2019-03-10T13:37:16","guid":{"rendered":"https:\/\/bulldogman.de\/home\/?page_id=11"},"modified":"2019-03-12T10:15:41","modified_gmt":"2019-03-12T09:15:41","slug":"kontakt","status":"publish","type":"page","link":"https:\/\/bulldogman.de\/home\/kontakt\/","title":{"rendered":"Kontakt"},"content":{"rendered":"<p>Sie finden uns zwischen Hamburg und Berlin, in der Prignitz (Land Brandenburg). Unser Dorf Krams, in dem wir zu Hause sind ist recht klein und hat durch seinen alten Lindenbestand sein eigenes Gesicht.<br>Unser Haus liegt direkt an der Dorfstrasse, welche von der Bundesstrasse [B5] erreichbar ist.<br>Falls Sie uns besuchen m\u00f6chten, verlassen Sie sich bitte nicht nur auf das Navigationsger\u00e4t. Sollten Sie in Feld- oder Waldwege geleitet werden, fahren Sie bitte weiter. Es f\u00fchrt eine asphaltierte Strasse zu uns nach Hause!<br>Krams hat eine idyllische Lage, zwischen Feldern und kleinen Waldst\u00fccken. Es ist eine wenig besiedelte Gegend und ist desshalb bestens f\u00fcr die Zucht von Hunden geeignet.<br>Neben unserem Grunst\u00fcck, was etwas \u00fcber 4000 m2 umfasst, k\u00f6nnen wir f\u00fcr Spazierg\u00e4nge diese malerische Landschaft nutzen. Was auch der Grund f\u00fcr den Umzug aus der Stadt hierher ins Dorf war.<\/p>\n<p><\/p>\n\n\n<figure class=\"wp-block-image\"><img loading=\"lazy\" decoding=\"async\" width=\"565\" height=\"377\" src=\"https:\/\/bulldogman.de\/home\/wp-content\/uploads\/2019\/03\/andrea-amely.jpg\" alt=\"\" class=\"wp-image-179\" srcset=\"https:\/\/bulldogman.de\/home\/wp-content\/uploads\/2019\/03\/andrea-amely.jpg 565w, https:\/\/bulldogman.de\/home\/wp-content\/uploads\/2019\/03\/andrea-amely-300x200.jpg 300w\" sizes=\"auto, (max-width: 565px) 100vw, 565px\" \/><figcaption>Andrea mit Pickwick Amely<\/figcaption><\/figure>\n\n\n\n<figure class=\"wp-block-image\"><img loading=\"lazy\" decoding=\"async\" width=\"565\" height=\"377\" src=\"https:\/\/bulldogman.de\/home\/wp-content\/uploads\/2019\/03\/2010_05_26_iron_imago_heiko.jpg\" alt=\"\" class=\"wp-image-180\" srcset=\"https:\/\/bulldogman.de\/home\/wp-content\/uploads\/2019\/03\/2010_05_26_iron_imago_heiko.jpg 565w, https:\/\/bulldogman.de\/home\/wp-content\/uploads\/2019\/03\/2010_05_26_iron_imago_heiko-300x200.jpg 300w\" sizes=\"auto, (max-width: 565px) 100vw, 565px\" \/><figcaption>Heiko mit Bulldogman\u00b4s Imago und Iron<\/figcaption><\/figure>\n\n\n<div class=\"su-box su-box-style-default\" id=\"\" style=\"border-color:#000000;border-radius:3px;max-width:none\"><div class=\"su-box-title\" style=\"background-color:#333333;color:#FFFFFF;border-top-left-radius:1px;border-top-right-radius:1px\">Impressum<\/div><div class=\"su-box-content su-u-clearfix su-u-trim\" style=\"border-bottom-left-radius:1px;border-bottom-right-radius:1px\">Heiko Schmidt<br \/>Kramser Dorfstr. 17 | D \u2013 16866 Krams<br \/>Telefon: 033975 707 57 | E-Mail: info@bulldogman.de<br \/>Postanschrift: Kramser Dorfstr. 17 | D \u2013 16866 Gumtow Gt.Krams<\/div><\/div>\n<p>Steuernummer: 052\/269\/03757<\/p>\n<div class=\"su-gmap su-u-responsive-media-yes\"><iframe loading=\"lazy\" width=\"600\" height=\"400\" src=\"\/\/maps.google.com\/maps?q=bulldogman&amp;output=embed\" title=\"\"><\/iframe><\/div>","protected":false},"excerpt":{"rendered":"<p>Sie finden uns zwischen Hamburg und Berlin, in der Prignitz (Land Brandenburg). Unser Dorf Krams, in dem wir zu Hause sind ist recht klein und &hellip; <\/p>\n","protected":false},"author":1,"featured_media":0,"parent":0,"menu_order":0,"comment_status":"closed","ping_status":"closed","template":"","meta":{"footnotes":""},"class_list":["post-11","page","type-page","status-publish","hentry"],"_links":{"self":[{"href":"https:\/\/bulldogman.de\/home\/wp-json\/wp\/v2\/pages\/11","targetHints":{"allow":["GET"]}}],"collection":[{"href":"https:\/\/bulldogman.de\/home\/wp-json\/wp\/v2\/pages"}],"about":[{"href":"https:\/\/bulldogman.de\/home\/wp-json\/wp\/v2\/types\/page"}],"author":[{"embeddable":true,"href":"https:\/\/bulldogman.de\/home\/wp-json\/wp\/v2\/users\/1"}],"replies":[{"embeddable":true,"href":"https:\/\/bulldogman.de\/home\/wp-json\/wp\/v2\/comments?post=11"}],"version-history":[{"count":8,"href":"https:\/\/bulldogman.de\/home\/wp-json\/wp\/v2\/pages\/11\/revisions"}],"predecessor-version":[{"id":259,"href":"https:\/\/bulldogman.de\/home\/wp-json\/wp\/v2\/pages\/11\/revisions\/259"}],"wp:attachment":[{"href":"https:\/\/bulldogman.de\/home\/wp-json\/wp\/v2\/media?parent=11"}],"curies":[{"name":"wp","href":"https:\/\/api.w.org\/{rel}","templated":true}]}}